{"id":3369,"date":"2014-10-23T09:59:28","date_gmt":"2014-10-23T07:59:28","guid":{"rendered":"http:\/\/www.officinesalin.it\/?page_id=3369"},"modified":"2014-10-23T09:59:28","modified_gmt":"2014-10-23T07:59:28","slug":"linee-di-trafilatura","status":"publish","type":"page","link":"http:\/\/www.officinesalin.it\/?page_id=3369","title":{"rendered":"Linee di trafilatura"},"content":{"rendered":"<h2>LINEE DI TRAFILATURA E TRONCATURA SPEZZONI<\/h2>\n<p>\u00c8 un impianto concepito per la trafilatura e troncatura di spezzoni partendo da rotoli di acciaio laminato del peso massimo di Kg 4000, ricotto per bulloneria o globulare con con diametri fino a mm 65.<\/p>\n<p>L&#8217;impianto \u00e8 composto dalle seguenti macchine:<\/p>\n<p>&#8211; Gruppo svolgifilo sul quale vene collocata la vergella<\/p>\n<p>&#8211; Una linea di trafilatura composta a sua volta da un&#8217;attrezzatura di alimentazione e da un banco di trafila<\/p>\n<p>&#8211; Una troncatrice oleodinamica che effettua il taglio del filo per mezzo di coltelli<\/p>\n<p>&#8211; Il gruppo svolgifilo \u00e8 costituito da una centralina oleodinamica adibita ad impianto oleodinamico per la movimentazione dei rulli raddrizzatori<\/p>\n<p>&#8211; La linea di trafilatura \u00e8 costituita da un basamento realizzato in acciaio elettrosaldato di grosso spessore sul quale sono collocate una serie di morse porta pinze con movimento di chiusura ed apertura tramite cilindro oleodinamici a doppio effetto, le prime tre servono per l&#8217;introduzione del filo e sono la prima fissa posta all&#8217;ingresso mentre le altre due sono mobili, accoppiate e poste a valle della trafilatrice scorrono su guide a rulli e sono azionate da cilindri oleodinamici a doppio effetto, le morse sono realizzate su disegno specifica elaborato a CAD, ampiamente sovradimensionate ricavate da blocchi in acciaio mediante fresatura e rettifica delle parti<\/p>\n<p>&#8211; Il primo gruppo avanzamento filo composto da due pinze che ha il compito di afferrare il filo laminato proveniente dal devolgitore e di portarlo passo a passo, verso il banco trafila e cos\u00ec via fino al secondo gruppo pinze<\/p>\n<p>&#8211; Il secondo gruppo avanzamento filo \u00e8 composto da due morse fisse con pinze che hanno il compito di bloccare il filo durante il movimento del gruppo trafila azionato da due cilindri oleodinamici. Un secondo gruppo avanzamento filo composto da due pinze mobili ha il compito afferrare il filo proveniente dal primo gruppo pinze e di portarlo secondo la lunghezza dello spezzone desiderato verso latroncatrice oleodinamica di taglio. Questo gruppo pinze garantisce una produttivit\u00e0 correlata al numero dei movimenti del gruppo stesso cos\u00ec come della pressa taglio e del banco trafila. In particolare si pu\u00f2 lavorare lunghezze di filo con un unico movimento con produttivit\u00e0 38 pezzi minuto. La precisione di lavoro di questo gruppo pinze cos\u00ec come l&#8217;avanzamento del filo pu\u00f2 essere pari a \u00b1 0,05 mm indipendentemente dai diametri, tipi di acciaio, riduzioni di area, lunghezze e produttivit\u00e0 indicate<\/p>\n<p>&nbsp;<\/p>\n<p>&nbsp;<\/p>\n\n\t\t<style type=\"text\/css\">\n\t\t\t#gallery-1 {\n\t\t\t\tmargin: auto;\n\t\t\t}\n\t\t\t#gallery-1 .gallery-item {\n\t\t\t\tfloat: left;\n\t\t\t\tmargin-top: 10px;\n\t\t\t\ttext-align: center;\n\t\t\t\twidth: 25%;\n\t\t\t}\n\t\t\t#gallery-1 img {\n\t\t\t\tborder: 2px solid #cfcfcf;\n\t\t\t}\n\t\t\t#gallery-1 .gallery-caption {\n\t\t\t\tmargin-left: 0;\n\t\t\t}\n\t\t\t\/* see gallery_shortcode() in wp-includes\/media.php *\/\n\t\t<\/style>\n\t\t<div id='gallery-1' class='gallery galleryid-3369 gallery-columns-4 gallery-size-thumbnail'><dl class='gallery-item'>\n\t\t\t<dt class='gallery-icon landscape'>\n\t\t\t\t<a rel=\"prettyPhoto[wpgl-slides]\" href=\"http:\/\/www.officinesalin.it\/wp-content\/uploads\/2014\/10\/041.jpg\"='http:\/\/www.officinesalin.it\/wp-content\/uploads\/2014\/10\/041.jpg'><img loading=\"lazy\" decoding=\"async\" width=\"150\" height=\"150\" src=\"http:\/\/www.officinesalin.it\/wp-content\/uploads\/2014\/10\/041-150x150.jpg\" class=\"attachment-thumbnail size-thumbnail\" alt=\"\" srcset=\"http:\/\/www.officinesalin.it\/wp-content\/uploads\/2014\/10\/041-150x150.jpg 150w, http:\/\/www.officinesalin.it\/wp-content\/uploads\/2014\/10\/041-50x50.jpg 50w\" sizes=\"auto, (max-width: 150px) 100vw, 150px\" \/><\/a>\n\t\t\t<\/dt><\/dl><dl class='gallery-item'>\n\t\t\t<dt class='gallery-icon landscape'>\n\t\t\t\t<a rel=\"prettyPhoto[wpgl-slides]\" href=\"http:\/\/www.officinesalin.it\/wp-content\/uploads\/2014\/10\/042.jpg\"='http:\/\/www.officinesalin.it\/wp-content\/uploads\/2014\/10\/042.jpg'><img loading=\"lazy\" decoding=\"async\" width=\"150\" height=\"150\" src=\"http:\/\/www.officinesalin.it\/wp-content\/uploads\/2014\/10\/042-150x150.jpg\" class=\"attachment-thumbnail size-thumbnail\" alt=\"\" srcset=\"http:\/\/www.officinesalin.it\/wp-content\/uploads\/2014\/10\/042-150x150.jpg 150w, http:\/\/www.officinesalin.it\/wp-content\/uploads\/2014\/10\/042-50x50.jpg 50w\" sizes=\"auto, (max-width: 150px) 100vw, 150px\" \/><\/a>\n\t\t\t<\/dt><\/dl><dl class='gallery-item'>\n\t\t\t<dt class='gallery-icon landscape'>\n\t\t\t\t<a rel=\"prettyPhoto[wpgl-slides]\" href=\"http:\/\/www.officinesalin.it\/wp-content\/uploads\/2014\/10\/043.jpg\"='http:\/\/www.officinesalin.it\/wp-content\/uploads\/2014\/10\/043.jpg'><img loading=\"lazy\" decoding=\"async\" width=\"150\" height=\"150\" src=\"http:\/\/www.officinesalin.it\/wp-content\/uploads\/2014\/10\/043-150x150.jpg\" class=\"attachment-thumbnail size-thumbnail\" alt=\"\" srcset=\"http:\/\/www.officinesalin.it\/wp-content\/uploads\/2014\/10\/043-150x150.jpg 150w, http:\/\/www.officinesalin.it\/wp-content\/uploads\/2014\/10\/043-50x50.jpg 50w\" sizes=\"auto, (max-width: 150px) 100vw, 150px\" \/><\/a>\n\t\t\t<\/dt><\/dl><dl class='gallery-item'>\n\t\t\t<dt class='gallery-icon landscape'>\n\t\t\t\t<a rel=\"prettyPhoto[wpgl-slides]\" href=\"http:\/\/www.officinesalin.it\/wp-content\/uploads\/2014\/10\/045.jpg\"='http:\/\/www.officinesalin.it\/wp-content\/uploads\/2014\/10\/045.jpg'><img loading=\"lazy\" decoding=\"async\" width=\"150\" height=\"150\" src=\"http:\/\/www.officinesalin.it\/wp-content\/uploads\/2014\/10\/045-150x150.jpg\" class=\"attachment-thumbnail size-thumbnail\" alt=\"\" srcset=\"http:\/\/www.officinesalin.it\/wp-content\/uploads\/2014\/10\/045-150x150.jpg 150w, http:\/\/www.officinesalin.it\/wp-content\/uploads\/2014\/10\/045-50x50.jpg 50w\" sizes=\"auto, (max-width: 150px) 100vw, 150px\" \/><\/a>\n\t\t\t<\/dt><\/dl><br style=\"clear: both\" \/><dl class='gallery-item'>\n\t\t\t<dt class='gallery-icon portrait'>\n\t\t\t\t<a rel=\"prettyPhoto[wpgl-slides]\" href=\"http:\/\/www.officinesalin.it\/wp-content\/uploads\/2014\/10\/050.jpg\"='http:\/\/www.officinesalin.it\/wp-content\/uploads\/2014\/10\/050.jpg'><img loading=\"lazy\" decoding=\"async\" width=\"150\" height=\"150\" src=\"http:\/\/www.officinesalin.it\/wp-content\/uploads\/2014\/10\/050-150x150.jpg\" class=\"attachment-thumbnail size-thumbnail\" alt=\"\" srcset=\"http:\/\/www.officinesalin.it\/wp-content\/uploads\/2014\/10\/050-150x150.jpg 150w, http:\/\/www.officinesalin.it\/wp-content\/uploads\/2014\/10\/050-50x50.jpg 50w\" sizes=\"auto, (max-width: 150px) 100vw, 150px\" \/><\/a>\n\t\t\t<\/dt><\/dl>\n\t\t\t<br style='clear: both' \/>\n\t\t<\/div>\n\n","protected":false},"excerpt":{"rendered":"<p>LINEE DI TRAFILATURA E TRONCATURA SPEZZONI \u00c8 un impianto concepito per la trafilatura e troncatura di spezzoni partendo da rotoli di acciaio laminato del peso massimo di Kg 4000, ricotto per bulloneria o globulare con con diametri fino a mm 65. L&#8217;impianto \u00e8 composto dalle seguenti macchine: &#8211; Gruppo svolgifilo sul quale vene collocata la [&hellip;]<\/p>\n","protected":false},"author":4,"featured_media":0,"parent":0,"menu_order":0,"comment_status":"closed","ping_status":"closed","template":"","meta":{"footnotes":""},"class_list":["post-3369","page","type-page","status-publish","hentry"],"_links":{"self":[{"href":"http:\/\/www.officinesalin.it\/index.php?rest_route=\/wp\/v2\/pages\/3369","targetHints":{"allow":["GET"]}}],"collection":[{"href":"http:\/\/www.officinesalin.it\/index.php?rest_route=\/wp\/v2\/pages"}],"about":[{"href":"http:\/\/www.officinesalin.it\/index.php?rest_route=\/wp\/v2\/types\/page"}],"author":[{"embeddable":true,"href":"http:\/\/www.officinesalin.it\/index.php?rest_route=\/wp\/v2\/users\/4"}],"replies":[{"embeddable":true,"href":"http:\/\/www.officinesalin.it\/index.php?rest_route=%2Fwp%2Fv2%2Fcomments&post=3369"}],"version-history":[{"count":1,"href":"http:\/\/www.officinesalin.it\/index.php?rest_route=\/wp\/v2\/pages\/3369\/revisions"}],"predecessor-version":[{"id":3375,"href":"http:\/\/www.officinesalin.it\/index.php?rest_route=\/wp\/v2\/pages\/3369\/revisions\/3375"}],"wp:attachment":[{"href":"http:\/\/www.officinesalin.it\/index.php?rest_route=%2Fwp%2Fv2%2Fmedia&parent=3369"}],"curies":[{"name":"wp","href":"https:\/\/api.w.org\/{rel}","templated":true}]}}